{"id":18285,"date":"2024-03-12T14:12:07","date_gmt":"2024-03-12T13:12:07","guid":{"rendered":"https:\/\/meblemoskala.pl\/b2b-cooperation-registration-for-companies\/"},"modified":"2025-05-16T09:25:59","modified_gmt":"2025-05-16T07:25:59","slug":"b2b-cooperation-registration-for-companies","status":"publish","type":"page","link":"https:\/\/meblemoskala.pl\/en\/b2b-cooperation-registration-for-companies\/","title":{"rendered":"B2B cooperation &#8211; registration for companies"},"content":{"rendered":"\t\t<div data-elementor-type=\"wp-page\" data-elementor-id=\"18285\" class=\"elementor elementor-18285 elementor-17672\">\n\t\t\t\t\t\t<section class=\"elementor-section elementor-top-section elementor-element elementor-element-1e75558 elementor-section-boxed elementor-section-height-default elementor-section-height-default\" data-id=\"1e75558\" data-element_type=\"section\" data-e-type=\"section\" data-settings=\"{&quot;jet_parallax_layout_list&quot;:[]}\">\n\t\t\t\t\t\t<div class=\"elementor-container elementor-column-gap-default\">\n\t\t\t\t\t<div class=\"elementor-column elementor-col-100 elementor-top-column elementor-element elementor-element-2a221e4\" data-id=\"2a221e4\" data-element_type=\"column\" data-e-type=\"column\">\n\t\t\t<div class=\"elementor-widget-wrap elementor-element-populated\">\n\t\t\t\t\t\t<div class=\"elementor-element elementor-element-64688f6 elementor-hidden-phone elementor-widget elementor-widget-spacer\" data-id=\"64688f6\" data-element_type=\"widget\" data-e-type=\"widget\" data-widget_type=\"spacer.default\">\n\t\t\t\t<div class=\"elementor-widget-container\">\n\t\t\t\t\t\t\t<div class=\"elementor-spacer\">\n\t\t\t<div class=\"elementor-spacer-inner\"><\/div>\n\t\t<\/div>\n\t\t\t\t\t\t<\/div>\n\t\t\t\t<\/div>\n\t\t\t\t\t<\/div>\n\t\t<\/div>\n\t\t\t\t\t<\/div>\n\t\t<\/section>\n\t\t\t\t<section class=\"elementor-section elementor-top-section elementor-element elementor-element-520e4f70 elementor-section-boxed elementor-section-height-default elementor-section-height-default\" data-id=\"520e4f70\" data-element_type=\"section\" data-e-type=\"section\" data-settings=\"{&quot;jet_parallax_layout_list&quot;:[]}\">\n\t\t\t\t\t\t<div class=\"elementor-container elementor-column-gap-default\">\n\t\t\t\t\t<div class=\"elementor-column elementor-col-100 elementor-top-column elementor-element elementor-element-48ef2ffd\" data-id=\"48ef2ffd\" data-element_type=\"column\" data-e-type=\"column\">\n\t\t\t<div class=\"elementor-widget-wrap elementor-element-populated\">\n\t\t\t\t\t\t<div class=\"elementor-element elementor-element-723b88f elementor-widget elementor-widget-heading\" data-id=\"723b88f\" data-element_type=\"widget\" data-e-type=\"widget\" data-widget_type=\"heading.default\">\n\t\t\t\t<div class=\"elementor-widget-container\">\n\t\t\t\t\t<h1 class=\"elementor-heading-title elementor-size-default\">B2B<\/h1>\t\t\t\t<\/div>\n\t\t\t\t<\/div>\n\t\t\t\t<div class=\"elementor-element elementor-element-582ad629 elementor-widget elementor-widget-text-editor\" data-id=\"582ad629\" data-element_type=\"widget\" data-e-type=\"widget\" data-widget_type=\"text-editor.default\">\n\t\t\t\t<div class=\"elementor-widget-container\">\n\t\t\t\t\t\t\t\t\t<ol>\r\n \t<li><strong>Please enter in the search engine: <a href=\"https:\/\/www.meblemoskala.com\/\">www.meblemoskala.com<\/a><\/strong><\/li>\r\n \t<li><strong>Please click the green button as in the picture:<\/strong><\/li>\r\n<\/ol><br><figure class=\"wp-block-image\"><img decoding=\"async\" src=\"https:\/\/lh7-us.googleusercontent.com\/5zPppFXMRd7ov4zNXyg6Qa6Ep2HyxpsdiNLmux5IVtBiVBpRVkd-EtP75YEV0K65T5NYE98zNYYzJSGsvVBWRjsgKNPBerVfUahT1Iaglu9N7aPIq56TutXfVyOBrF5cjL-wqt904QhMBfEBgBgZ8Ytc0oXCdbstsDKf7CdZwz7rYkv5boh76fzbNzJSSZDWb1HRGgAJ8A\" alt=\"\" \/><\/figure><br><ol start=\"3\">\r\n \t<li><strong>Please fill in the company details (the e-mail address is the login that you will use to log in to the online warehouse).<\/strong><\/li>\r\n<\/ol><br><figure class=\"wp-block-image\"><img decoding=\"async\" src=\"https:\/\/lh7-us.googleusercontent.com\/5gs-_SjznjKG33erfLKVrw7ZTrYrgyv-1j51mhecuGNNy-kOE4O7_8OYEy24adIGtoc-mFr9M4Q1I9BomE_Q_Yxt_5LHnpwRf0MxWZ8ooCtDpv74YzYY7M9kxyV4qIRlS7eQ36AtqJTsd_OV3GxvzM3qmUSHbI-pEUIJJoGmtmtxsSJzbOx7R2x8Ypfgor2J8Jwuy7Ox_Q\" alt=\"Obraz zawieraj\u0105cy tekst Opis wygenerowany automatycznie\" \/><\/figure><br><ol start=\"4\">\r\n \t<li><strong>After filling in all the details, please click on the mandatory consent and the &#8220;register&#8221; button.<\/strong><\/li>\r\n<\/ol><br><figure class=\"wp-block-image\"><img decoding=\"async\" src=\"https:\/\/lh7-us.googleusercontent.com\/zRtJq8ndYb0OMQb3LRnySgBjcU7ZzmRCA_5jANmpfbdAXj5hgZS2V4q5FuNtm12Nya2QMES-G1UMx8E0VrMO07PCqsopFK3Dqk2fGP-tBSqWlRCD9J5swY_Jauh1kWRRjmzJgdUaRi2pkWA2NSad3fT83GCJA5-3hlZz-19x4U_zBqL8OLDRUtTUfzXDPLvUfhJoyHMjjg\" alt=\"\" \/><\/figure><br><ol start=\"5\">\r\n \t<li><strong>Finally, the following message will be displayed: (further information can be found in the e-mail)<\/strong><\/li>\r\n<\/ol><br><figure class=\"wp-block-image\"><img decoding=\"async\" src=\"https:\/\/lh7-us.googleusercontent.com\/awgoe06vWH9mcbePbjOCa0Suga5Gx8RBa_m0tVd-nLdOQgu0KVZxYk-BMzUaONQaR-Itk26HrNUe8_3lHUTsY61nGIASkadVLhhdXKcwnRIGoPbqz6xF_-SNNHCB2tDPjIu4aco4cIOnBPQc_Jgwymh9W_nhCv-9AQ3LD1MCZUW1uPBbRGDLh8Q6L7KwDjbrhUGJztEr_A\" alt=\"Obraz zawieraj\u0105cy tekst Opis wygenerowany automatycznie\" \/><\/figure><br><ol start=\"6\">\r\n \t<li><strong>The mail looks like this:<\/strong><\/li>\r\n<\/ol><br><figure class=\"wp-block-image\"><img decoding=\"async\" src=\"https:\/\/lh7-us.googleusercontent.com\/wwCwsSjGABg1qEtXgCZtOC0Yw81dqU8yfTcN8PiiHWbSNgjWrwzLUhirs-NgTTcjZ1knF3gqhTF2qSBJlR5ldxJC_A9__Gw7HQyBXzOZ15IV153eZs7rbo1HcKpEMsBxSPwKma2MOlP0IlZ1IBhB_vkUEx2bW_QbdN9mGZTGmuuMeG5BHEZVCQOlybFv_4fKOeKmeU40xg\" alt=\"\" \/><\/figure><br><ol start=\"7\">\r\n \t<li><strong>Click on the &#8220;registration confirmation&#8221; link in the email to activate your account:<\/strong><\/li>\r\n<\/ol><br><figure class=\"wp-block-image\"><img decoding=\"async\" src=\"https:\/\/lh7-us.googleusercontent.com\/K4iQGJoh4nw-u62gpoxHT8gBhIr_C5AI0lgquCXexDhlVAMVyqlMHVOZ3GNGNXrDc2L4lbmg2zRS40__Rl5saAREmRrmeZM4VG3EO_dlgmByl8GMxgzVjpEWmIWLloaJEQU1NYQ5fOtbMEXleFsmGL_lKocpr86ih6mKQFw60NeUTMyUWOxMfBlrUWcN_JarnqYdriBjmg\" alt=\"\" \/><\/figure><br><ol start=\"8\">\r\n \t<li><strong>You can already log in to the platform with the set login and password.<\/strong><\/li>\r\n<\/ol>\t\t\t\t\t\t\t\t<\/div>\n\t\t\t\t<\/div>\n\t\t\t\t\t<\/div>\n\t\t<\/div>\n\t\t\t\t\t<\/div>\n\t\t<\/section>\n\t\t\t\t<\/div>\n\t\t","protected":false},"excerpt":{"rendered":"<p>B2B Please enter in the search engine: www.meblemoskala.com Please click the green button as in the picture: Please fill in the company details (the e-mail address is the login that you will use to log in to the online warehouse). After filling in all the details, please click on the mandatory consent and the &#8220;register&#8221; [&hellip;]<\/p>\n","protected":false},"author":7,"featured_media":0,"parent":0,"menu_order":0,"comment_status":"closed","ping_status":"closed","template":"","meta":{"_acf_changed":false,"footnotes":""},"class_list":["post-18285","page","type-page","status-publish","hentry"],"acf":[],"yoast_head":"<!-- This site is optimized with the Yoast SEO plugin v27.5 - https:\/\/yoast.com\/product\/yoast-seo-wordpress\/ -->\n<title>B2B cooperation - registration for companies - Moska\u0142a Meble<\/title>\n<meta name=\"robots\" content=\"noindex, follow\" \/>\n<meta property=\"og:locale\" content=\"en_US\" \/>\n<meta property=\"og:type\" content=\"article\" \/>\n<meta property=\"og:title\" content=\"B2B cooperation - registration for companies - Moska\u0142a Meble\" \/>\n<meta property=\"og:description\" content=\"B2B Please enter in the search engine: www.meblemoskala.com Please click the green button as in the picture: Please fill in the company details (the e-mail address is the login that you will use to log in to the online warehouse). After filling in all the details, please click on the mandatory consent and the &#8220;register&#8221; [&hellip;]\" \/>\n<meta property=\"og:url\" content=\"https:\/\/meblemoskala.pl\/en\/b2b-cooperation-registration-for-companies\/\" \/>\n<meta property=\"og:site_name\" content=\"Moska\u0142a Meble\" \/>\n<meta property=\"article:modified_time\" content=\"2025-05-16T07:25:59+00:00\" \/>\n<meta property=\"og:image\" content=\"https:\/\/lh7-us.googleusercontent.com\/5zPppFXMRd7ov4zNXyg6Qa6Ep2HyxpsdiNLmux5IVtBiVBpRVkd-EtP75YEV0K65T5NYE98zNYYzJSGsvVBWRjsgKNPBerVfUahT1Iaglu9N7aPIq56TutXfVyOBrF5cjL-wqt904QhMBfEBgBgZ8Ytc0oXCdbstsDKf7CdZwz7rYkv5boh76fzbNzJSSZDWb1HRGgAJ8A\" \/>\n<meta name=\"twitter:card\" content=\"summary_large_image\" \/>\n<meta name=\"twitter:label1\" content=\"Est. reading time\" \/>\n\t<meta name=\"twitter:data1\" content=\"1 minute\" \/>\n<!-- \/ Yoast SEO plugin. -->","yoast_head_json":{"title":"B2B cooperation - registration for companies - Moska\u0142a Meble","robots":{"index":"noindex","follow":"follow"},"og_locale":"en_US","og_type":"article","og_title":"B2B cooperation - registration for companies - Moska\u0142a Meble","og_description":"B2B Please enter in the search engine: www.meblemoskala.com Please click the green button as in the picture: Please fill in the company details (the e-mail address is the login that you will use to log in to the online warehouse). After filling in all the details, please click on the mandatory consent and the &#8220;register&#8221; [&hellip;]","og_url":"https:\/\/meblemoskala.pl\/en\/b2b-cooperation-registration-for-companies\/","og_site_name":"Moska\u0142a Meble","article_modified_time":"2025-05-16T07:25:59+00:00","og_image":[{"url":"https:\/\/lh7-us.googleusercontent.com\/5zPppFXMRd7ov4zNXyg6Qa6Ep2HyxpsdiNLmux5IVtBiVBpRVkd-EtP75YEV0K65T5NYE98zNYYzJSGsvVBWRjsgKNPBerVfUahT1Iaglu9N7aPIq56TutXfVyOBrF5cjL-wqt904QhMBfEBgBgZ8Ytc0oXCdbstsDKf7CdZwz7rYkv5boh76fzbNzJSSZDWb1HRGgAJ8A","type":"","width":"","height":""}],"twitter_card":"summary_large_image","twitter_misc":{"Est. reading time":"1 minute"},"schema":{"@context":"https:\/\/schema.org","@graph":[{"@type":"WebPage","@id":"https:\/\/meblemoskala.pl\/en\/b2b-cooperation-registration-for-companies\/","url":"https:\/\/meblemoskala.pl\/en\/b2b-cooperation-registration-for-companies\/","name":"B2B cooperation - registration for companies - Moska\u0142a Meble","isPartOf":{"@id":"https:\/\/meblemoskala.pl\/en\/#website"},"primaryImageOfPage":{"@id":"https:\/\/meblemoskala.pl\/en\/b2b-cooperation-registration-for-companies\/#primaryimage"},"image":{"@id":"https:\/\/meblemoskala.pl\/en\/b2b-cooperation-registration-for-companies\/#primaryimage"},"thumbnailUrl":"https:\/\/lh7-us.googleusercontent.com\/5zPppFXMRd7ov4zNXyg6Qa6Ep2HyxpsdiNLmux5IVtBiVBpRVkd-EtP75YEV0K65T5NYE98zNYYzJSGsvVBWRjsgKNPBerVfUahT1Iaglu9N7aPIq56TutXfVyOBrF5cjL-wqt904QhMBfEBgBgZ8Ytc0oXCdbstsDKf7CdZwz7rYkv5boh76fzbNzJSSZDWb1HRGgAJ8A","datePublished":"2024-03-12T13:12:07+00:00","dateModified":"2025-05-16T07:25:59+00:00","breadcrumb":{"@id":"https:\/\/meblemoskala.pl\/en\/b2b-cooperation-registration-for-companies\/#breadcrumb"},"inLanguage":"en-US","potentialAction":[{"@type":"ReadAction","target":["https:\/\/meblemoskala.pl\/en\/b2b-cooperation-registration-for-companies\/"]}]},{"@type":"ImageObject","inLanguage":"en-US","@id":"https:\/\/meblemoskala.pl\/en\/b2b-cooperation-registration-for-companies\/#primaryimage","url":"https:\/\/lh7-us.googleusercontent.com\/5zPppFXMRd7ov4zNXyg6Qa6Ep2HyxpsdiNLmux5IVtBiVBpRVkd-EtP75YEV0K65T5NYE98zNYYzJSGsvVBWRjsgKNPBerVfUahT1Iaglu9N7aPIq56TutXfVyOBrF5cjL-wqt904QhMBfEBgBgZ8Ytc0oXCdbstsDKf7CdZwz7rYkv5boh76fzbNzJSSZDWb1HRGgAJ8A","contentUrl":"https:\/\/lh7-us.googleusercontent.com\/5zPppFXMRd7ov4zNXyg6Qa6Ep2HyxpsdiNLmux5IVtBiVBpRVkd-EtP75YEV0K65T5NYE98zNYYzJSGsvVBWRjsgKNPBerVfUahT1Iaglu9N7aPIq56TutXfVyOBrF5cjL-wqt904QhMBfEBgBgZ8Ytc0oXCdbstsDKf7CdZwz7rYkv5boh76fzbNzJSSZDWb1HRGgAJ8A"},{"@type":"BreadcrumbList","@id":"https:\/\/meblemoskala.pl\/en\/b2b-cooperation-registration-for-companies\/#breadcrumb","itemListElement":[{"@type":"ListItem","position":1,"name":"Strona g\u0142\u00f3wna","item":"https:\/\/meblemoskala.pl\/en\/"},{"@type":"ListItem","position":2,"name":"B2B cooperation &#8211; registration for companies"}]},{"@type":"WebSite","@id":"https:\/\/meblemoskala.pl\/en\/#website","url":"https:\/\/meblemoskala.pl\/en\/","name":"Moska\u0142a Meble","description":"Producenta sto\u0142\u00f3w i krzese\u0142","publisher":{"@id":"https:\/\/meblemoskala.pl\/en\/#organization"},"potentialAction":[{"@type":"SearchAction","target":{"@type":"EntryPoint","urlTemplate":"https:\/\/meblemoskala.pl\/en\/?s={search_term_string}"},"query-input":{"@type":"PropertyValueSpecification","valueRequired":true,"valueName":"search_term_string"}}],"inLanguage":"en-US"},{"@type":"Organization","@id":"https:\/\/meblemoskala.pl\/en\/#organization","name":"Meble Moska\u0142a","url":"https:\/\/meblemoskala.pl\/en\/","logo":{"@type":"ImageObject","inLanguage":"en-US","@id":"https:\/\/meblemoskala.pl\/en\/#\/schema\/logo\/image\/","url":"https:\/\/meblemoskala.pl\/wp-content\/uploads\/2021\/06\/logo-moskala-meble.png","contentUrl":"https:\/\/meblemoskala.pl\/wp-content\/uploads\/2021\/06\/logo-moskala-meble.png","width":150,"height":73,"caption":"Meble Moska\u0142a"},"image":{"@id":"https:\/\/meblemoskala.pl\/en\/#\/schema\/logo\/image\/"}}]}},"_links":{"self":[{"href":"https:\/\/meblemoskala.pl\/en\/wp-json\/wp\/v2\/pages\/18285","targetHints":{"allow":["GET"]}}],"collection":[{"href":"https:\/\/meblemoskala.pl\/en\/wp-json\/wp\/v2\/pages"}],"about":[{"href":"https:\/\/meblemoskala.pl\/en\/wp-json\/wp\/v2\/types\/page"}],"author":[{"embeddable":true,"href":"https:\/\/meblemoskala.pl\/en\/wp-json\/wp\/v2\/users\/7"}],"replies":[{"embeddable":true,"href":"https:\/\/meblemoskala.pl\/en\/wp-json\/wp\/v2\/comments?post=18285"}],"version-history":[{"count":8,"href":"https:\/\/meblemoskala.pl\/en\/wp-json\/wp\/v2\/pages\/18285\/revisions"}],"predecessor-version":[{"id":22821,"href":"https:\/\/meblemoskala.pl\/en\/wp-json\/wp\/v2\/pages\/18285\/revisions\/22821"}],"wp:attachment":[{"href":"https:\/\/meblemoskala.pl\/en\/wp-json\/wp\/v2\/media?parent=18285"}],"curies":[{"name":"wp","href":"https:\/\/api.w.org\/{rel}","templated":true}]}}